{"id":334,"date":"2025-03-01T21:57:47","date_gmt":"2025-03-01T21:57:47","guid":{"rendered":"https:\/\/radioecoutefm.com\/index.php\/contact\/"},"modified":"2025-03-01T21:57:47","modified_gmt":"2025-03-01T21:57:47","slug":"contact","status":"publish","type":"page","link":"https:\/\/radioecoutefm.com\/index.php\/contact\/","title":{"rendered":"Contact"},"content":{"rendered":"\n<div class=\\\"wp-block-uagb-container uagb-block-17c61d65 alignfull uagb-is-root-container\\\"><div class=\\\"uagb-container-inner-blocks-wrap\\\">\n<div class=\\\"wp-block-uagb-container uagb-block-c35f26d8\\\">\n<div class=\\\"wp-block-uagb-info-box uagb-block-b5dde25d uagb-infobox__content-wrap  uagb-infobox-icon-above-title uagb-infobox-image-valign-top\\\"><div class=\\\"uagb-ifb-content\\\"><div class=\\\"uagb-ifb-title-wrap\\\"><h6 class=\\\"uagb-ifb-title-prefix\\\">Let\u2019s Talk<\/h6><div class=\\\"uagb-ifb-separator\\\"><\/div><h1 class=\\\"uagb-ifb-title\\\">Contact<\/h1><\/div><\/div><\/div>\n<\/div>\n\n\n\n<div class=\\\"wp-block-uagb-container uag-blocks-common-selector uagb-block-f763b85b\\\">\n<div class=\\\"wp-block-uagb-image alignleft uagb-block-0fdb54fd wp-block-uagb-image--layout-default wp-block-uagb-image--effect-static wp-block-uagb-image--align-left uag-blocks-common-selector\\\" style=\\\"--z-index-desktop:1;;--z-index-tablet:1;;--z-index-mobile:1;\\\"><figure class=\\\"wp-block-uagb-image__figure\\\"><img srcset=\\\"http:\/\/groupmerson.com\/wp-content\/uploads\/2020\/12\/bg-07-free-img.jpg ,http:\/\/groupmerson.com\/wp-content\/uploads\/2020\/12\/bg-07-free-img.jpg 780w, http:\/\/groupmerson.com\/wp-content\/uploads\/2020\/12\/bg-07-free-img.jpg 360w\\\" sizes=\\\"(max-width: 480px) 150px\\\" src=\\\"http:\/\/groupmerson.com\/wp-content\/uploads\/2020\/12\/bg-07-free-img.jpg\\\" alt=\\\"Background Image\\\" class=\\\"uag-image-503\\\" width=\\\"480\\\" height=\\\"480\\\" title=\\\"\\\" loading=\\\"lazy\\\" role=\\\"img\\\"\/><\/figure><\/div>\n<\/div>\n<\/div><\/div>\n\n\n\n<div class=\\\"wp-block-uagb-container uag-blocks-common-selector uagb-block-aa9816ee alignfull uagb-is-root-container\\\"><div class=\\\"uagb-container-inner-blocks-wrap\\\">\n<div class=\\\"wp-block-uagb-container uagb-block-203cd0bc\\\">\t\t\t<div \n\t\t\tclass=\"wp-block-uagb-google-map uagb-google-map__wrap uagb-block-     \"\n\t\t\tstyle=\"\" >\n\t\t\t\t<embed\n\t\t\t\t\tclass=\"uagb-google-map__iframe\"\n\t\t\t\t\ttitle=\"Google Map for \"\n\t\t\t\t\tsrc=\"https:\/\/maps.google.com\/maps?q=Brainstorm%20Force&#038;z=12&#038;hl=en&#038;t=m&#038;output=embed&#038;iwloc=near\"\n\t\t\t\t\twidth=\"640\"\n\t\t\t\t\theight=\"300\"\n\t\t\t\t\tloading=\"lazy\"\n\t\t\t\t><\/embed>\n\t\t\t<\/div>\n\t\t\t<\/div>\n\n\n\n<div class=\\\"wp-block-uagb-container uagb-block-34b2f8ec\\\">\n<div class=\\\"wp-block-uagb-info-box uagb-block-816c4f74 uagb-infobox__content-wrap  uagb-infobox-icon-above-title uagb-infobox-image-valign-top\\\"><div class=\\\"uagb-ifb-content\\\"><div class=\\\"uagb-ifb-title-wrap\\\"><h2 class=\\\"uagb-ifb-title\\\">Location\u200b<\/h2><\/div><div class=\\\"uagb-ifb-separator\\\"><\/div><p class=\\\"uagb-ifb-desc\\\">Click here to change this text. Lorem ipsum dolor sit amet, consectetur adipiscing elit. Ut elit tellus, luctus nec ullamcorper mattis, pulvinar dapibus leo.<\/p><\/div><\/div>\n\n\n\n<div class=\\\"wp-block-uagb-icon-list uagb-block-084a8932\\\"><div class=\\\"uagb-icon-list__wrap\\\">\n<div class=\\\"wp-block-uagb-icon-list-child uagb-block-479aa7f4\\\"><span class=\\\"uagb-icon-list__source-wrap\\\"><svg xmlns=\\\"https:\/\/www.w3.org\/2000\/svg\\\" viewBox=\\\"0 0 512 512\\\"><path d=\\\"M511.2 387l-23.25 100.8c-3.266 14.25-15.79 24.22-30.46 24.22C205.2 512 0 306.8 0 54.5c0-14.66 9.969-27.2 24.22-30.45l100.8-23.25C139.7-2.602 154.7 5.018 160.8 18.92l46.52 108.5c5.438 12.78 1.77 27.67-8.98 36.45L144.5 207.1c33.98 69.22 90.26 125.5 159.5 159.5l44.08-53.8c8.688-10.78 23.69-14.51 36.47-8.975l108.5 46.51C506.1 357.2 514.6 372.4 511.2 387z\\\"><\/path><\/svg><\/span><span class=\\\"uagb-icon-list__label\\\">929-242-6868<\/span><\/div>\n\n\n\n<div class=\\\"wp-block-uagb-icon-list-child uagb-block-98fd658e\\\"><span class=\\\"uagb-icon-list__source-wrap\\\"><svg xmlns=\\\"https:\/\/www.w3.org\/2000\/svg\\\" viewBox=\\\"0 0 512 512\\\"><path d=\\\"M464 64C490.5 64 512 85.49 512 112C512 127.1 504.9 141.3 492.8 150.4L275.2 313.6C263.8 322.1 248.2 322.1 236.8 313.6L19.2 150.4C7.113 141.3 0 127.1 0 112C0 85.49 21.49 64 48 64H464zM217.6 339.2C240.4 356.3 271.6 356.3 294.4 339.2L512 176V384C512 419.3 483.3 448 448 448H64C28.65 448 0 419.3 0 384V176L217.6 339.2z\\\"><\/path><\/svg><\/span><span class=\\\"uagb-icon-list__label\\\">contact@info.com<\/span><\/div>\n\n\n\n<div class=\\\"wp-block-uagb-icon-list-child uagb-block-6597698c\\\"><span class=\\\"uagb-icon-list__source-wrap\\\"><svg xmlns=\\\"https:\/\/www.w3.org\/2000\/svg\\\" viewBox=\\\"0 0 384 512\\\"><path d=\\\"M168.3 499.2C116.1 435 0 279.4 0 192C0 85.96 85.96 0 192 0C298 0 384 85.96 384 192C384 279.4 267 435 215.7 499.2C203.4 514.5 180.6 514.5 168.3 499.2H168.3zM192 256C227.3 256 256 227.3 256 192C256 156.7 227.3 128 192 128C156.7 128 128 156.7 128 192C128 227.3 156.7 256 192 256z\\\"><\/path><\/svg><\/span><span class=\\\"uagb-icon-list__label\\\">123 Fifth Avenue, New York, NY 10160<\/span><\/div>\n<\/div><\/div>\n<\/div>\n<\/div><\/div>\n\n\n\n<div class=\\\"wp-block-uagb-container uagb-layout-grid uagb-block-7af0d268 alignfull uagb-is-root-container\\\"><div class=\\\"uagb-container-inner-blocks-wrap\\\">\n<div class=\\\"wp-block-uagb-info-box uagb-block-b499e78c uagb-infobox__content-wrap  uagb-infobox-icon-above-title uagb-infobox-image-valign-top\\\"><div class=\\\"uagb-ifb-content\\\"><div class=\\\"uagb-ifb-title-wrap\\\"><h2 class=\\\"uagb-ifb-title\\\">Get In Touch<\/h2><\/div><div class=\\\"uagb-ifb-separator\\\"><\/div><p class=\\\"uagb-ifb-desc\\\">Lorem ipsum dolor sit amet, consectetur adipiscing elit. Ut elit tellus, luctus nec ullamcorper mattis, pulvinar dapibus.<\/p><\/div><\/div>\n\n\nThis form has been deleted or is unavailable.\n<\/div><\/div>\n\n\n\n<div class=\\\"wp-block-uagb-container uagb-block-ebeb35c1 alignfull uagb-is-root-container\\\"><div class=\\\"uagb-container-inner-blocks-wrap\\\">\n<div class=\\\"wp-block-uagb-container uagb-block-65e9d7b0 alignfull uagb-is-root-container\\\"><div class=\\\"uagb-container-inner-blocks-wrap\\\">\n<div class=\\\"wp-block-uagb-container uagb-block-59d8a677\\\">\n<div class=\\\"wp-block-uagb-image alignleft uagb-block-25a90c47 wp-block-uagb-image--layout-default wp-block-uagb-image--effect-static wp-block-uagb-image--align-left\\\"><figure class=\\\"wp-block-uagb-image__figure\\\"><img srcset=\\\"http:\/\/groupmerson.com\/wp-content\/uploads\/2020\/11\/logo-regular-free-img.png \\\" sizes=\\\"(max-width: 480px) 150px\\\" src=\\\"http:\/\/groupmerson.com\/wp-content\/uploads\/2020\/11\/logo-regular-free-img.png\\\" alt=\\\"Logo Regular\\\" class=\\\"uag-image-243\\\" width=\\\"215\\\" height=\\\"50\\\" title=\\\"\\\" loading=\\\"lazy\\\" role=\\\"img\\\"\/><\/figure><\/div>\n<\/div>\n\n\n\n<div class=\\\"wp-block-uagb-container uagb-block-dce74153\\\">\n<div class=\\\"wp-block-uagb-info-box uagb-block-b4d0bfd9 uagb-infobox__content-wrap  uagb-infobox-icon-above-title uagb-infobox-image-valign-top\\\"><div class=\\\"uagb-ifb-content\\\"><div class=\\\"uagb-ifb-title-wrap\\\"><h6 class=\\\"uagb-ifb-title\\\">Contact<\/h6><\/div><p class=\\\"uagb-ifb-desc\\\">929-242-566<br>contact@info.com<\/p><\/div><\/div>\n\n\n\n<div class=\\\"wp-block-uagb-info-box uagb-block-94df49f6 uagb-infobox__content-wrap  uagb-infobox-icon-above-title uagb-infobox-image-valign-top\\\"><div class=\\\"uagb-ifb-content\\\"><div class=\\\"uagb-ifb-title-wrap\\\"><h6 class=\\\"uagb-ifb-title\\\">Address<\/h6><\/div><p class=\\\"uagb-ifb-desc\\\">123 Fifth Avenue, New York<br>NY 10220<\/p><\/div><\/div>\n<\/div>\n\n\n\n<div class=\\\"wp-block-uagb-container uagb-block-de135e39\\\">\n<div class=\\\"wp-block-uagb-social-share uagb-social-share__outer-wrap uagb-social-share__layout-vertical uagb-block-b5b2bca6\\\">\n<div class=\\\"wp-block-uagb-social-share-child uagb-ss-repeater uagb-ss__wrapper uagb-block-42e08c33\\\"><span class=\\\"uagb-ss__link\\\" data-href=\\\"https:\/\/www.facebook.com\/sharer.php?u=\\\" tabindex=\\\"0\\\" role=\\\"button\\\" aria-label=\\\"facebook\\\"><span class=\\\"uagb-ss__source-wrap\\\"><span class=\\\"uagb-ss__source-icon\\\"><svg xmlns=\\\"https:\/\/www.w3.org\/2000\/svg\\\" viewBox=\\\"0 0 512 512\\\"><path d=\\\"M504 256C504 119 393 8 256 8S8 119 8 256c0 123.8 90.69 226.4 209.3 245V327.7h-63V256h63v-54.64c0-62.15 37-96.48 93.67-96.48 27.14 0 55.52 4.84 55.52 4.84v61h-31.28c-30.8 0-40.41 19.12-40.41 38.73V256h68.78l-11 71.69h-57.78V501C413.3 482.4 504 379.8 504 256z\\\"><\/path><\/svg><\/span><\/span><\/span><\/div>\n\n\n\n<div class=\\\"wp-block-uagb-social-share-child uagb-ss-repeater uagb-ss__wrapper uagb-block-4ced2dd7\\\"><span class=\\\"uagb-ss__link\\\" data-href=\\\"https:\/\/twitter.com\/share?url=\\\" tabindex=\\\"0\\\" role=\\\"button\\\" aria-label=\\\"twitter\\\"><span class=\\\"uagb-ss__source-wrap\\\"><span class=\\\"uagb-ss__source-icon\\\"><svg xmlns=\\\"https:\/\/www.w3.org\/2000\/svg\\\" viewBox=\\\"0 0 448 512\\\"><path d=\\\"M400 32H48C21.5 32 0 53.5 0 80v352c0 26.5 21.5 48 48 48h352c26.5 0 48-21.5 48-48V80c0-26.5-21.5-48-48-48zm-48.9 158.8c.2 2.8 .2 5.7 .2 8.5 0 86.7-66 186.6-186.6 186.6-37.2 0-71.7-10.8-100.7-29.4 5.3 .6 10.4 .8 15.8 .8 30.7 0 58.9-10.4 81.4-28-28.8-.6-53-19.5-61.3-45.5 10.1 1.5 19.2 1.5 29.6-1.2-30-6.1-52.5-32.5-52.5-64.4v-.8c8.7 4.9 18.9 7.9 29.6 8.3a65.45 65.45 0 0 1 -29.2-54.6c0-12.2 3.2-23.4 8.9-33.1 32.3 39.8 80.8 65.8 135.2 68.6-9.3-44.5 24-80.6 64-80.6 18.9 0 35.9 7.9 47.9 20.7 14.8-2.8 29-8.3 41.6-15.8-4.9 15.2-15.2 28-28.8 36.1 13.2-1.4 26-5.1 37.8-10.2-8.9 13.1-20.1 24.7-32.9 34z\\\"><\/path><\/svg><\/span><\/span><\/span><\/div>\n\n\n\n<div class=\\\"wp-block-uagb-social-share-child uagb-ss-repeater uagb-ss__wrapper uagb-block-e04b2e52\\\"><span class=\\\"uagb-ss__link\\\" data-href=\\\"https:\/\/www.linkedin.com\/shareArticle?url=\\\" tabindex=\\\"0\\\" role=\\\"button\\\" aria-label=\\\"linkedin\\\"><span class=\\\"uagb-ss__source-wrap\\\"><span class=\\\"uagb-ss__source-icon\\\"><svg xmlns=\\\"https:\/\/www.w3.org\/2000\/svg\\\" viewBox=\\\"0 0 448 512\\\"><path d=\\\"M416 32H31.9C14.3 32 0 46.5 0 64.3v383.4C0 465.5 14.3 480 31.9 480H416c17.6 0 32-14.5 32-32.3V64.3c0-17.8-14.4-32.3-32-32.3zM135.4 416H69V202.2h66.5V416zm-33.2-243c-21.3 0-38.5-17.3-38.5-38.5S80.9 96 102.2 96c21.2 0 38.5 17.3 38.5 38.5 0 21.3-17.2 38.5-38.5 38.5zm282.1 243h-66.4V312c0-24.8-.5-56.7-34.5-56.7-34.6 0-39.9 27-39.9 54.9V416h-66.4V202.2h63.7v29.2h.9c8.9-16.8 30.6-34.5 62.9-34.5 67.2 0 79.7 44.3 79.7 101.9V416z\\\"><\/path><\/svg><\/span><\/span><\/span><\/div>\n<\/div>\n<\/div>\n<\/div><\/div>\n\n\n\n<div class=\\\"wp-block-uagb-container uagb-layout-grid uagb-block-142ed6c1 alignfull uagb-is-root-container\\\"><div class=\\\"uagb-container-inner-blocks-wrap\\\">\n<div class=\\\"wp-block-uagb-advanced-heading uagb-block-fcb42b2b\\\"><h1 class=\\\"uagb-heading-text\\\">Get a Free Consultation<\/h1><\/div>\n\n\n\n<div class=\\\"wp-block-uagb-buttons uagb-buttons__outer-wrap uagb-btn__default-btn uagb-btn-tablet__default-btn uagb-btn-mobile__default-btn uagb-block-58574953\\\"><div class=\\\"uagb-buttons__wrap uagb-buttons-layout-wrap \\\">\n<div class=\\\"wp-block-uagb-buttons-child uagb-buttons__outer-wrap uagb-block-243cf16d wp-block-button\\\"><div class=\\\"uagb-button__wrapper\\\"><a class=\\\"uagb-buttons-repeater wp-block-button__link\\\" aria-label=\\\"Click Here\\\" href=\\\"#\\\" rel=\\\"follow noopener\\\" target=\\\"_self\\\" role=\\\"button\\\"><span class=\\\"uagb-button__icon uagb-button__icon-position-after\\\"><svg xmlns=\\\"https:\/\/www.w3.org\/2000\/svg\\\" viewBox=\\\"0 0 256 512\\\" aria-hidden=\\\"true\\\" focussable=\\\"false\\\"><path d=\\\"M64 448c-8.188 0-16.38-3.125-22.62-9.375c-12.5-12.5-12.5-32.75 0-45.25L178.8 256L41.38 118.6c-12.5-12.5-12.5-32.75 0-45.25s32.75-12.5 45.25 0l160 160c12.5 12.5 12.5 32.75 0 45.25l-160 160C80.38 444.9 72.19 448 64 448z\\\"><\/path><\/svg><\/span><\/a><\/div><\/div>\n<\/div><\/div>\n<\/div><\/div>\n<\/div><\/div>\n","protected":false},"excerpt":{"rendered":"<p>Get a Free Consultation<\/p>\n","protected":false},"author":1,"featured_media":0,"parent":0,"menu_order":0,"comment_status":"closed","ping_status":"closed","template":"","meta":{"_uag_custom_page_level_css":"","jetpack_post_was_ever_published":false,"footnotes":""},"class_list":["post-334","page","type-page","status-publish","hentry"],"aioseo_notices":[],"uagb_featured_image_src":{"full":false,"thumbnail":false,"medium":false,"medium_large":false,"large":false,"1536x1536":false,"2048x2048":false,"newsair-slider-full":false,"newsair-featured":false,"newsair-medium":false},"uagb_author_info":{"display_name":"Ecoute FM","author_link":"https:\/\/radioecoutefm.com\/index.php\/author\/borgellaattis\/"},"uagb_comment_info":0,"uagb_excerpt":"Get a Free Consultation","jetpack_sharing_enabled":true,"jetpack_shortlink":"https:\/\/wp.me\/Pgoyna-5o","jetpack-related-posts":[{"id":1113,"url":"https:\/\/radioecoutefm.com\/index.php\/contact-2\/","url_meta":{"origin":334,"position":0},"title":"CONTACT","author":"Ecoute FM","date":"03.03.2025","format":false,"excerpt":"","rel":"","context":"Similar post","block_context":{"text":"Similar post","link":""},"img":{"alt_text":"","src":"","width":0,"height":0},"classes":[]},{"id":330,"url":"https:\/\/radioecoutefm.com\/index.php\/about-me\/","url_meta":{"origin":334,"position":1},"title":"About Me","author":"Ecoute FM","date":"01.03.2025","format":false,"excerpt":"Who I AmAbout me Aiming to Be the Best\u200bI Deliver Measurable Results\u200bUt enim ad minim veniam, quis nostrudexercitation ullamco.\u200b Proin gravida nibh vel velit auctor aliquet. Aenean sollicitudin, lorem quis bibendum auctor, nisi elit consequat ipsum, nec sagittis sem nibh id elit. Duis sed odio sit amet nibh vulputate cursus\u2026","rel":"","context":"Similar post","block_context":{"text":"Similar post","link":""},"img":{"alt_text":"","src":"","width":0,"height":0},"classes":[]},{"id":326,"url":"https:\/\/radioecoutefm.com\/index.php\/home-2\/","url_meta":{"origin":334,"position":2},"title":"Home","author":"Ecoute FM","date":"01.03.2025","format":false,"excerpt":"Welcome!\u200bI\\'m John, Real Estate Consultant\u200b Making Better RealEstate Decisions\u200bLorem ipsum dolor sit amet, consectetur adipiscing elit. Ut elit tellus, luctus nec ullamcorper.John Daniels Get a Free Consultation\u200bClick here to change this text. Lorem ipsum dolor sit amet, consectetur adipiscing elit. Ut elit tellus, luctus nec ullamcorper mattis, pulvinar dapibus leo.\u2026","rel":"","context":"Similar post","block_context":{"text":"Similar post","link":""},"img":{"alt_text":"","src":"","width":0,"height":0},"classes":[]},{"id":182,"url":"https:\/\/radioecoutefm.com\/index.php\/privacy-policy\/","url_meta":{"origin":334,"position":3},"title":"POLICY","author":"Ecoute FM","date":"28.12.2024","format":false,"excerpt":"\u00a0 Politique de Confidentialit\u00e9 de RadioEcouteFM.com Qui sommes-nous ?L'adresse de notre site web est : https:\/\/radioecoutefm.com. Commentaires Lorsque les visiteurs laissent des commentaires sur le site, nous collectons les donn\u00e9es affich\u00e9es dans le formulaire de commentaire, ainsi que l'adresse IP du visiteur et la cha\u00eene de l'agent utilisateur du navigateur\u2026","rel":"","context":"Similar post","block_context":{"text":"Similar post","link":""},"img":{"alt_text":"","src":"","width":0,"height":0},"classes":[]}],"_links":{"self":[{"href":"https:\/\/radioecoutefm.com\/index.php\/wp-json\/wp\/v2\/pages\/334","targetHints":{"allow":["GET"]}}],"collection":[{"href":"https:\/\/radioecoutefm.com\/index.php\/wp-json\/wp\/v2\/pages"}],"about":[{"href":"https:\/\/radioecoutefm.com\/index.php\/wp-json\/wp\/v2\/types\/page"}],"author":[{"embeddable":true,"href":"https:\/\/radioecoutefm.com\/index.php\/wp-json\/wp\/v2\/users\/1"}],"replies":[{"embeddable":true,"href":"https:\/\/radioecoutefm.com\/index.php\/wp-json\/wp\/v2\/comments?post=334"}],"version-history":[{"count":0,"href":"https:\/\/radioecoutefm.com\/index.php\/wp-json\/wp\/v2\/pages\/334\/revisions"}],"wp:attachment":[{"href":"https:\/\/radioecoutefm.com\/index.php\/wp-json\/wp\/v2\/media?parent=334"}],"curies":[{"name":"wp","href":"https:\/\/api.w.org\/{rel}","templated":true}]}}