{"id":1113,"date":"2025-03-03T05:08:46","date_gmt":"2025-03-03T05:08:46","guid":{"rendered":"https:\/\/radioecoutefm.com\/?page_id=1113"},"modified":"2025-03-03T05:08:46","modified_gmt":"2025-03-03T05:08:46","slug":"contact-2","status":"publish","type":"page","link":"https:\/\/radioecoutefm.com\/index.php\/contact-2\/","title":{"rendered":"CONTACT"},"content":{"rendered":"","protected":false},"excerpt":{"rendered":"","protected":false},"author":1,"featured_media":0,"parent":0,"menu_order":0,"comment_status":"closed","ping_status":"closed","template":"","meta":{"_uag_custom_page_level_css":"","jetpack_post_was_ever_published":false,"footnotes":""},"class_list":["post-1113","page","type-page","status-publish","hentry"],"aioseo_notices":[],"uagb_featured_image_src":{"full":false,"thumbnail":false,"medium":false,"medium_large":false,"large":false,"1536x1536":false,"2048x2048":false,"newsair-slider-full":false,"newsair-featured":false,"newsair-medium":false},"uagb_author_info":{"display_name":"Ecoute FM","author_link":"https:\/\/radioecoutefm.com\/index.php\/author\/borgellaattis\/"},"uagb_comment_info":0,"uagb_excerpt":null,"jetpack_sharing_enabled":true,"jetpack_shortlink":"https:\/\/wp.me\/Pgoyna-hX","jetpack-related-posts":[{"id":334,"url":"https:\/\/radioecoutefm.com\/index.php\/contact\/","url_meta":{"origin":1113,"position":0},"title":"Contact","author":"Ecoute FM","date":"01.03.2025","format":false,"excerpt":"Let\u2019s TalkContact Location\u200bClick here to change this text. Lorem ipsum dolor sit amet, consectetur adipiscing elit. Ut elit tellus, luctus nec ullamcorper mattis, pulvinar dapibus leo. 929-242-6868 contact@info.com 123 Fifth Avenue, New York, NY 10160 Get In TouchLorem ipsum dolor sit amet, consectetur adipiscing elit. Ut elit tellus, luctus nec\u2026","rel":"","context":"Similar post","block_context":{"text":"Similar post","link":""},"img":{"alt_text":"","src":"","width":0,"height":0},"classes":[]},{"id":330,"url":"https:\/\/radioecoutefm.com\/index.php\/about-me\/","url_meta":{"origin":1113,"position":1},"title":"About Me","author":"Ecoute FM","date":"01.03.2025","format":false,"excerpt":"Who I AmAbout me Aiming to Be the Best\u200bI Deliver Measurable Results\u200bUt enim ad minim veniam, quis nostrudexercitation ullamco.\u200b Proin gravida nibh vel velit auctor aliquet. Aenean sollicitudin, lorem quis bibendum auctor, nisi elit consequat ipsum, nec sagittis sem nibh id elit. Duis sed odio sit amet nibh vulputate cursus\u2026","rel":"","context":"Similar post","block_context":{"text":"Similar post","link":""},"img":{"alt_text":"","src":"","width":0,"height":0},"classes":[]},{"id":326,"url":"https:\/\/radioecoutefm.com\/index.php\/home-2\/","url_meta":{"origin":1113,"position":2},"title":"Home","author":"Ecoute FM","date":"01.03.2025","format":false,"excerpt":"Welcome!\u200bI\\'m John, Real Estate Consultant\u200b Making Better RealEstate Decisions\u200bLorem ipsum dolor sit amet, consectetur adipiscing elit. Ut elit tellus, luctus nec ullamcorper.John Daniels Get a Free Consultation\u200bClick here to change this text. Lorem ipsum dolor sit amet, consectetur adipiscing elit. Ut elit tellus, luctus nec ullamcorper mattis, pulvinar dapibus leo.\u2026","rel":"","context":"Similar post","block_context":{"text":"Similar post","link":""},"img":{"alt_text":"","src":"","width":0,"height":0},"classes":[]},{"id":182,"url":"https:\/\/radioecoutefm.com\/index.php\/privacy-policy\/","url_meta":{"origin":1113,"position":3},"title":"POLICY","author":"Ecoute FM","date":"28.12.2024","format":false,"excerpt":"\u00a0 Politique de Confidentialit\u00e9 de RadioEcouteFM.com Qui sommes-nous ?L'adresse de notre site web est : https:\/\/radioecoutefm.com. Commentaires Lorsque les visiteurs laissent des commentaires sur le site, nous collectons les donn\u00e9es affich\u00e9es dans le formulaire de commentaire, ainsi que l'adresse IP du visiteur et la cha\u00eene de l'agent utilisateur du navigateur\u2026","rel":"","context":"Similar post","block_context":{"text":"Similar post","link":""},"img":{"alt_text":"","src":"","width":0,"height":0},"classes":[]}],"_links":{"self":[{"href":"https:\/\/radioecoutefm.com\/index.php\/wp-json\/wp\/v2\/pages\/1113","targetHints":{"allow":["GET"]}}],"collection":[{"href":"https:\/\/radioecoutefm.com\/index.php\/wp-json\/wp\/v2\/pages"}],"about":[{"href":"https:\/\/radioecoutefm.com\/index.php\/wp-json\/wp\/v2\/types\/page"}],"author":[{"embeddable":true,"href":"https:\/\/radioecoutefm.com\/index.php\/wp-json\/wp\/v2\/users\/1"}],"replies":[{"embeddable":true,"href":"https:\/\/radioecoutefm.com\/index.php\/wp-json\/wp\/v2\/comments?post=1113"}],"version-history":[{"count":1,"href":"https:\/\/radioecoutefm.com\/index.php\/wp-json\/wp\/v2\/pages\/1113\/revisions"}],"predecessor-version":[{"id":1115,"href":"https:\/\/radioecoutefm.com\/index.php\/wp-json\/wp\/v2\/pages\/1113\/revisions\/1115"}],"wp:attachment":[{"href":"https:\/\/radioecoutefm.com\/index.php\/wp-json\/wp\/v2\/media?parent=1113"}],"curies":[{"name":"wp","href":"https:\/\/api.w.org\/{rel}","templated":true}]}}